{"id":11,"date":"2021-06-28T02:52:03","date_gmt":"2021-06-28T02:52:03","guid":{"rendered":"https:\/\/nelemusique.com\/?page_id=11"},"modified":"2023-01-29T18:43:58","modified_gmt":"2023-01-29T18:43:58","slug":"neo-soul-singer","status":"publish","type":"page","link":"https:\/\/nelemusique.com\/en\/","title":{"rendered":"A French Neo Soul Singer"},"content":{"rendered":"<h2 class=\"has-text-align-center has-large-font-size wp-block-heading\">\u00c9coute le dernier morceau<\/h2>\n\n\n\n<div class=\"wp-block-columns is-layout-flex wp-container-core-columns-is-layout-9d6595d7 wp-block-columns-is-layout-flex\">\n<div class=\"wp-block-column is-vertically-aligned-center is-layout-flow wp-block-column-is-layout-flow\" style=\"flex-basis:25%\"><\/div>\n\n\n\n<div class=\"wp-block-column is-layout-flow wp-block-column-is-layout-flow\" style=\"flex-basis:50%\">\n<iframe loading=\"lazy\" src=\"https:\/\/www.youtube.com\/embed\/YsDDoCCepXQ\" title=\"YouTube video player\" allow=\"accelerometer; autoplay; clipboard-write; encrypted-media; gyroscope; picture-in-picture; web-share\" allowfullscreen=\"\" width=\"560\" height=\"315\" frameborder=\"0\"><\/iframe>\n<\/div>\n\n\n\n<div class=\"wp-block-column is-layout-flow wp-block-column-is-layout-flow\" style=\"flex-basis:25%\"><\/div>\n<\/div>\n\n\n\n<div class=\"wp-block-columns has-white-background-color has-background is-layout-flex wp-container-core-columns-is-layout-9d6595d7 wp-block-columns-is-layout-flex\">\n<div class=\"wp-block-column is-layout-flow wp-block-column-is-layout-flow\" style=\"flex-basis:16.67%\">\n<figure class=\"wp-block-image size-full is-resized\"><a href=\"https:\/\/open.spotify.com\/track\/3Zkfh1OYGDGsw9XiUW8mfz?si=cebf1ee4d9ed475b\"><img loading=\"lazy\" decoding=\"async\" src=\"https:\/\/nelemusique.com\/wp-content\/uploads\/2023\/01\/spotify.png\" alt=\"\" class=\"wp-image-198\" width=\"139\" height=\"41\" srcset=\"https:\/\/nelemusique.com\/wp-content\/uploads\/2023\/01\/spotify.png 410w, https:\/\/nelemusique.com\/wp-content\/uploads\/2023\/01\/spotify-300x90.png 300w, https:\/\/nelemusique.com\/wp-content\/uploads\/2023\/01\/spotify-18x5.png 18w\" sizes=\"auto, (max-width: 139px) 100vw, 139px\" \/><\/a><\/figure>\n<\/div>\n\n\n\n<div class=\"wp-block-column is-layout-flow wp-block-column-is-layout-flow\" style=\"flex-basis:16.67%\">\n<figure class=\"wp-block-image size-large is-resized\"><a href=\"https:\/\/deezer.page.link\/hmf3RW6bwTYcLX2H9\"><img loading=\"lazy\" decoding=\"async\" src=\"https:\/\/nelemusique.com\/wp-content\/uploads\/2023\/01\/deezer-logo.png\" alt=\"\" class=\"wp-image-171\" width=\"137\" height=\"44\" srcset=\"https:\/\/nelemusique.com\/wp-content\/uploads\/2023\/01\/deezer-logo.png 397w, https:\/\/nelemusique.com\/wp-content\/uploads\/2023\/01\/deezer-logo-300x96.png 300w, https:\/\/nelemusique.com\/wp-content\/uploads\/2023\/01\/deezer-logo-18x6.png 18w\" sizes=\"auto, (max-width: 137px) 100vw, 137px\" \/><\/a><\/figure>\n<\/div>\n\n\n\n<div class=\"wp-block-column is-layout-flow wp-block-column-is-layout-flow\" style=\"flex-basis:16.67%\">\n<figure class=\"wp-block-image size-full is-resized\"><a href=\"https:\/\/music.apple.com\/us\/album\/dici-mais-dailleurs-single\/1667004721\"><img loading=\"lazy\" decoding=\"async\" src=\"https:\/\/nelemusique.com\/wp-content\/uploads\/2023\/01\/images.jpg\" alt=\"\" class=\"wp-image-173\" width=\"137\" height=\"39\" srcset=\"https:\/\/nelemusique.com\/wp-content\/uploads\/2023\/01\/images.jpg 416w, https:\/\/nelemusique.com\/wp-content\/uploads\/2023\/01\/images-300x87.jpg 300w, https:\/\/nelemusique.com\/wp-content\/uploads\/2023\/01\/images-18x5.jpg 18w\" sizes=\"auto, (max-width: 137px) 100vw, 137px\" \/><\/a><\/figure>\n<\/div>\n\n\n\n<div class=\"wp-block-column is-layout-flow wp-block-column-is-layout-flow\" style=\"flex-basis:16.67%\">\n<figure class=\"wp-block-image size-full is-resized\"><a href=\"https:\/\/play.anghami.com\/album\/1035585143?adj_t=dgl0aa8_64v1dnl&amp;adj_campaign=web&amp;adj_adgroup=album&amp;adj_creative=undefined\"><img loading=\"lazy\" decoding=\"async\" src=\"https:\/\/nelemusique.com\/wp-content\/uploads\/2023\/01\/angjami.png\" alt=\"\" class=\"wp-image-172\" width=\"151\" height=\"33\" srcset=\"https:\/\/nelemusique.com\/wp-content\/uploads\/2023\/01\/angjami.png 478w, https:\/\/nelemusique.com\/wp-content\/uploads\/2023\/01\/angjami-300x66.png 300w, https:\/\/nelemusique.com\/wp-content\/uploads\/2023\/01\/angjami-18x4.png 18w\" sizes=\"auto, (max-width: 151px) 100vw, 151px\" \/><\/a><\/figure>\n<\/div>\n\n\n\n<div class=\"wp-block-column is-layout-flow wp-block-column-is-layout-flow\" style=\"flex-basis:16.67%\">\n<figure class=\"wp-block-image size-large is-resized\"><a href=\"https:\/\/music.amazon.fr\/albums\/B0BSNPJF9P?marketplaceId=A13V1IB3VIYZZH&amp;musicTerritory=FR&amp;ref=dm_sh_2R03vOvCDNvJ0577n4z7fIr9y\"><img loading=\"lazy\" decoding=\"async\" src=\"https:\/\/nelemusique.com\/wp-content\/uploads\/2023\/01\/01vJVJPhC1L36eDVDp2Mlsb-14..v1621319676-e1674944984116-1024x263.jpg\" alt=\"\" class=\"wp-image-176\" width=\"131\" height=\"33\" srcset=\"https:\/\/nelemusique.com\/wp-content\/uploads\/2023\/01\/01vJVJPhC1L36eDVDp2Mlsb-14..v1621319676-e1674944984116-1024x263.jpg 1024w, https:\/\/nelemusique.com\/wp-content\/uploads\/2023\/01\/01vJVJPhC1L36eDVDp2Mlsb-14..v1621319676-e1674944984116-300x77.jpg 300w, https:\/\/nelemusique.com\/wp-content\/uploads\/2023\/01\/01vJVJPhC1L36eDVDp2Mlsb-14..v1621319676-e1674944984116-768x198.jpg 768w, https:\/\/nelemusique.com\/wp-content\/uploads\/2023\/01\/01vJVJPhC1L36eDVDp2Mlsb-14..v1621319676-e1674944984116-1536x395.jpg 1536w, https:\/\/nelemusique.com\/wp-content\/uploads\/2023\/01\/01vJVJPhC1L36eDVDp2Mlsb-14..v1621319676-e1674944984116-18x5.jpg 18w, https:\/\/nelemusique.com\/wp-content\/uploads\/2023\/01\/01vJVJPhC1L36eDVDp2Mlsb-14..v1621319676-e1674944984116.jpg 1920w\" sizes=\"auto, (max-width: 131px) 100vw, 131px\" \/><\/a><\/figure>\n<\/div>\n\n\n\n<div class=\"wp-block-column is-layout-flow wp-block-column-is-layout-flow\" style=\"flex-basis:16.67%\">\n<figure class=\"wp-block-image size-full is-resized\"><a href=\"https:\/\/music.youtube.com\/playlist?list=OLAK5uy_lwSxUrwO4s_1r1yuBhCJgorsACKdZdT0o&amp;feature=share\"><img loading=\"lazy\" decoding=\"async\" src=\"https:\/\/nelemusique.com\/wp-content\/uploads\/2023\/01\/youtube-music-logo.png\" alt=\"\" class=\"wp-image-174\" width=\"171\" height=\"31\" srcset=\"https:\/\/nelemusique.com\/wp-content\/uploads\/2023\/01\/youtube-music-logo.png 521w, https:\/\/nelemusique.com\/wp-content\/uploads\/2023\/01\/youtube-music-logo-300x56.png 300w, https:\/\/nelemusique.com\/wp-content\/uploads\/2023\/01\/youtube-music-logo-18x3.png 18w\" sizes=\"auto, (max-width: 171px) 100vw, 171px\" \/><\/a><\/figure>\n<\/div>\n<\/div>\n\n\n\n<div class=\"wp-block-columns is-layout-flex wp-container-core-columns-is-layout-9d6595d7 wp-block-columns-is-layout-flex\">\n<div class=\"wp-block-column is-layout-flow wp-block-column-is-layout-flow\" style=\"flex-basis:100%\">\n<div style=\"height:45px\" aria-hidden=\"true\" class=\"wp-block-spacer\"><\/div>\n\n\n\n<div class=\"wp-block-columns are-vertically-aligned-center is-layout-flex wp-container-core-columns-is-layout-9d6595d7 wp-block-columns-is-layout-flex\">\n<div class=\"wp-block-column is-vertically-aligned-center is-layout-flow wp-block-column-is-layout-flow\" style=\"flex-basis:100%\">\n<p class=\"has-text-align-center has-black-color has-text-color\" style=\"font-size:25px\">Stay Connected and get exclusive offers, invitations and concerts updates.<\/p>\n\n\n\n<div class=\"wp-block-buttons alignwide is-horizontal is-content-justification-center is-layout-flex wp-container-core-buttons-is-layout-499968f5 wp-block-buttons-is-layout-flex\">\n<div class=\"wp-block-button has-custom-width wp-block-button__width-100 has-custom-font-size is-style-outline has-medium-font-size is-style-outline--1\"><a class=\"wp-block-button__link has-black-color has-luminous-vivid-amber-background-color has-text-color has-background wp-element-button\" href=\"http:\/\/eepurl.com\/hCm-PT\" style=\"border-radius:0px\" target=\"_blank\" rel=\"http:\/\/eepurl.com\/hCm-PT noopener\"><strong>Je veux les exclus!<\/strong><\/a><\/div>\n<\/div>\n<\/div>\n<\/div>\n<\/div>\n<\/div>\n\n\n\n<h2 class=\"has-text-align-center has-background has-large-font-size wp-block-heading\" style=\"background-color:#ffffff00\">Popular Covers<\/h2>\n\n\n\n<div class=\"wp-block-columns has-black-background-color has-background is-layout-flex wp-container-core-columns-is-layout-9d6595d7 wp-block-columns-is-layout-flex\">\n<div class=\"wp-block-column is-layout-flow wp-block-column-is-layout-flow\">\n<figure class=\"wp-block-embed is-type-video is-provider-youtube wp-block-embed-youtube wp-embed-aspect-16-9 wp-has-aspect-ratio\"><div class=\"wp-block-embed__wrapper\">\n<div class='embed-container'><iframe loading=\"lazy\" title=\"Stand Up - Cynthia Erivo (cover by NeLE)\" width=\"1920\" height=\"1080\" src=\"https:\/\/www.youtube.com\/embed\/jhRTPdmcW8U?feature=oembed\" frameborder=\"0\" allow=\"accelerometer; autoplay; clipboard-write; encrypted-media; gyroscope; picture-in-picture; web-share\" allowfullscreen><\/iframe><\/div>\n<\/div><\/figure>\n<\/div>\n\n\n\n<div class=\"wp-block-column is-layout-flow wp-block-column-is-layout-flow\">\n<figure class=\"wp-block-embed is-type-video is-provider-youtube wp-block-embed-youtube wp-embed-aspect-16-9 wp-has-aspect-ratio\"><div class=\"wp-block-embed__wrapper\">\n<div class='embed-container'><iframe loading=\"lazy\" title=\"Lion King Cover\" width=\"1920\" height=\"1080\" src=\"https:\/\/www.youtube.com\/embed\/Ccx6oXO7KQA?feature=oembed\" frameborder=\"0\" allow=\"accelerometer; autoplay; clipboard-write; encrypted-media; gyroscope; picture-in-picture; web-share\" allowfullscreen><\/iframe><\/div>\n<\/div><\/figure>\n<\/div>\n<\/div>\n\n\n\n<div style=\"height:29px\" aria-hidden=\"true\" class=\"wp-block-spacer\"><\/div>\n\n\n\n<h2 class=\"has-text-align-center has-large-font-size wp-block-heading\">Derni\u00e8res Nouvelles<\/h2>\n\n\n\n<div class=\"wp-block-columns is-layout-flex wp-container-core-columns-is-layout-9d6595d7 wp-block-columns-is-layout-flex\">\n<div class=\"wp-block-column is-vertically-aligned-center is-layout-flow wp-block-column-is-layout-flow\" style=\"flex-basis:42.85%\">\n<div class=\"wp-block-columns is-layout-flex wp-container-core-columns-is-layout-9d6595d7 wp-block-columns-is-layout-flex\">\n<div class=\"wp-block-column is-layout-flow wp-block-column-is-layout-flow\"><div class=\"wp-block-image\">\n<figure class=\"aligncenter size-large is-resized\"><img loading=\"lazy\" decoding=\"async\" src=\"https:\/\/nelemusique.com\/wp-content\/uploads\/2021\/06\/neleulul-1024x538.png\" alt=\"\" class=\"wp-image-118\" width=\"384\" height=\"201\" srcset=\"https:\/\/nelemusique.com\/wp-content\/uploads\/2021\/06\/neleulul-1024x538.png 1024w, https:\/\/nelemusique.com\/wp-content\/uploads\/2021\/06\/neleulul-300x158.png 300w, https:\/\/nelemusique.com\/wp-content\/uploads\/2021\/06\/neleulul-768x404.png 768w, https:\/\/nelemusique.com\/wp-content\/uploads\/2021\/06\/neleulul-16x8.png 16w, https:\/\/nelemusique.com\/wp-content\/uploads\/2021\/06\/neleulul.png 1193w\" sizes=\"auto, (max-width: 384px) 100vw, 384px\" \/><figcaption class=\"wp-element-caption\"><a href=\"https:\/\/fr.ulule.com\/mon-premier-ep-\/\" data-type=\"URL\" data-id=\"https:\/\/fr.ulule.com\/mon-premier-ep-\/\">Campagne Ulule Complete et reussie.<\/a><\/figcaption><\/figure>\n<\/div><\/div>\n<\/div>\n<\/div>\n\n\n\n<div class=\"wp-block-column is-layout-flow wp-block-column-is-layout-flow\" style=\"flex-basis:57.15%\"><div class=\"wp-block-image\">\n<figure class=\"aligncenter size-large is-resized\"><img loading=\"lazy\" decoding=\"async\" src=\"https:\/\/nelemusique.com\/wp-content\/uploads\/2021\/06\/203323750_5710302389043393_6361455507543381170_n-1-1024x576.jpg\" alt=\"\" class=\"wp-image-121\" width=\"402\" height=\"227\" srcset=\"https:\/\/nelemusique.com\/wp-content\/uploads\/2021\/06\/203323750_5710302389043393_6361455507543381170_n-1-1024x576.jpg 1024w, https:\/\/nelemusique.com\/wp-content\/uploads\/2021\/06\/203323750_5710302389043393_6361455507543381170_n-1-300x169.jpg 300w, https:\/\/nelemusique.com\/wp-content\/uploads\/2021\/06\/203323750_5710302389043393_6361455507543381170_n-1-768x432.jpg 768w, https:\/\/nelemusique.com\/wp-content\/uploads\/2021\/06\/203323750_5710302389043393_6361455507543381170_n-1-16x9.jpg 16w, https:\/\/nelemusique.com\/wp-content\/uploads\/2021\/06\/203323750_5710302389043393_6361455507543381170_n-1.jpg 1080w\" sizes=\"auto, (max-width: 402px) 100vw, 402px\" \/><figcaption class=\"wp-element-caption\"><a href=\"https:\/\/www.youtube.com\/watch?v=T8ZjNOGz-mQ\" data-type=\"URL\" data-id=\"https:\/\/www.youtube.com\/watch?v=T8ZjNOGz-mQ\">Interview avec Le Gospel Connect\u00e9<\/a><\/figcaption><\/figure>\n<\/div><\/div>\n<\/div>\n\n\n\n<div class=\"wp-block-group alignfull\"><div class=\"wp-block-group__inner-container is-layout-flow wp-block-group-is-layout-flow\">\n<div class=\"wp-block-cover aligncenter has-parallax is-position-center-center\"><span aria-hidden=\"true\" class=\"wp-block-cover__background has-black-background-color has-background-dim-60 has-background-dim\"><\/span><div role=\"img\" class=\"wp-block-cover__image-background wp-image-137 has-parallax\" style=\"background-position:50% 50%;background-image:url(https:\/\/nelemusique.com\/wp-content\/uploads\/2021\/06\/CT0C3108-scaled.jpg)\"><\/div><div class=\"wp-block-cover__inner-container is-layout-flow wp-block-cover-is-layout-flow\">\n<p class=\"has-text-align-center has-text-color has-large-font-size\" style=\"color:#fffffa;line-height:1.1\"><strong>NOUVEL EP SORTIE 2023<\/strong><\/p>\n\n\n\n<p class=\"has-text-align-center\" style=\"font-size:17px\">NeLE pr\u00e9pare son premier EP, dont la sortie est pr\u00e9vue en 2023. Toute donation aide \u00e0 la r\u00e9alisation de ce disque. Merci pour votre soutien.<\/p>\n\n\n\n<div class=\"wp-block-buttons is-horizontal is-content-justification-center is-layout-flex wp-container-core-buttons-is-layout-499968f5 wp-block-buttons-is-layout-flex\">\n<div class=\"wp-block-button has-custom-width wp-block-button__width-100 has-custom-font-size is-style-outline has-medium-font-size is-style-outline--2\"><a class=\"wp-block-button__link has-black-color has-luminous-vivid-amber-background-color has-text-color has-background wp-element-button\" href=\"https:\/\/www.paypal.com\/paypalme\/nelemusique?fbclid=IwAR2zR-uaf8sCd2TNSJFBCGbDVWsTjKK3_NdOj-oJ-eKVF2sTQs9I-Ridzwg\" style=\"border-radius:0px\" target=\"_blank\" rel=\"noreferrer noopener\"><strong>Soutenir l&rsquo;artist<\/strong>e <\/a><\/div>\n<\/div>\n<\/div><\/div>\n\n\n\n<p><\/p>\n<\/div><\/div>\n\n\n\n<h2 class=\"has-text-align-center has-large-font-size wp-block-heading\">Restons connect\u00e9<\/h2>\n\n\n\n<ul class=\"wp-block-social-links aligncenter has-huge-icon-size has-icon-color has-icon-background-color is-style-default is-content-justification-center is-layout-flex wp-container-core-social-links-is-layout-64b26803 wp-block-social-links-is-layout-flex\"><li style=\"color:#ffffff;background-color:#000000;\" class=\"wp-social-link wp-social-link-instagram has-white-color wp-block-social-link\"><a rel=\"noopener nofollow\" target=\"_blank\" href=\"https:\/\/instagram.com\/nelely\" class=\"wp-block-social-link-anchor\"><svg width=\"24\" height=\"24\" viewbox=\"0 0 24 24\" version=\"1.1\" xmlns=\"http:\/\/www.w3.org\/2000\/svg\" aria-hidden=\"true\" focusable=\"false\"><path d=\"M12,4.622c2.403,0,2.688,0.009,3.637,0.052c0.877,0.04,1.354,0.187,1.671,0.31c0.42,0.163,0.72,0.358,1.035,0.673 c0.315,0.315,0.51,0.615,0.673,1.035c0.123,0.317,0.27,0.794,0.31,1.671c0.043,0.949,0.052,1.234,0.052,3.637 s-0.009,2.688-0.052,3.637c-0.04,0.877-0.187,1.354-0.31,1.671c-0.163,0.42-0.358,0.72-0.673,1.035 c-0.315,0.315-0.615,0.51-1.035,0.673c-0.317,0.123-0.794,0.27-1.671,0.31c-0.949,0.043-1.233,0.052-3.637,0.052 s-2.688-0.009-3.637-0.052c-0.877-0.04-1.354-0.187-1.671-0.31c-0.42-0.163-0.72-0.358-1.035-0.673 c-0.315-0.315-0.51-0.615-0.673-1.035c-0.123-0.317-0.27-0.794-0.31-1.671C4.631,14.688,4.622,14.403,4.622,12 s0.009-2.688,0.052-3.637c0.04-0.877,0.187-1.354,0.31-1.671c0.163-0.42,0.358-0.72,0.673-1.035 c0.315-0.315,0.615-0.51,1.035-0.673c0.317-0.123,0.794-0.27,1.671-0.31C9.312,4.631,9.597,4.622,12,4.622 M12,3 C9.556,3,9.249,3.01,8.289,3.054C7.331,3.098,6.677,3.25,6.105,3.472C5.513,3.702,5.011,4.01,4.511,4.511 c-0.5,0.5-0.808,1.002-1.038,1.594C3.25,6.677,3.098,7.331,3.054,8.289C3.01,9.249,3,9.556,3,12c0,2.444,0.01,2.751,0.054,3.711 c0.044,0.958,0.196,1.612,0.418,2.185c0.23,0.592,0.538,1.094,1.038,1.594c0.5,0.5,1.002,0.808,1.594,1.038 c0.572,0.222,1.227,0.375,2.185,0.418C9.249,20.99,9.556,21,12,21s2.751-0.01,3.711-0.054c0.958-0.044,1.612-0.196,2.185-0.418 c0.592-0.23,1.094-0.538,1.594-1.038c0.5-0.5,0.808-1.002,1.038-1.594c0.222-0.572,0.375-1.227,0.418-2.185 C20.99,14.751,21,14.444,21,12s-0.01-2.751-0.054-3.711c-0.044-0.958-0.196-1.612-0.418-2.185c-0.23-0.592-0.538-1.094-1.038-1.594 c-0.5-0.5-1.002-0.808-1.594-1.038c-0.572-0.222-1.227-0.375-2.185-0.418C14.751,3.01,14.444,3,12,3L12,3z M12,7.378 c-2.552,0-4.622,2.069-4.622,4.622S9.448,16.622,12,16.622s4.622-2.069,4.622-4.622S14.552,7.378,12,7.378z M12,15 c-1.657,0-3-1.343-3-3s1.343-3,3-3s3,1.343,3,3S13.657,15,12,15z M16.804,6.116c-0.596,0-1.08,0.484-1.08,1.08 s0.484,1.08,1.08,1.08c0.596,0,1.08-0.484,1.08-1.08S17.401,6.116,16.804,6.116z\"><\/path><\/svg><span class=\"wp-block-social-link-label screen-reader-text\">Instagram<\/span><\/a><\/li>\n\n<li style=\"color:#ffffff;background-color:#000000;\" class=\"wp-social-link wp-social-link-facebook has-white-color wp-block-social-link\"><a rel=\"noopener nofollow\" target=\"_blank\" href=\"https:\/\/www.facebook.com\/nelelely\/\" class=\"wp-block-social-link-anchor\"><svg width=\"24\" height=\"24\" viewbox=\"0 0 24 24\" version=\"1.1\" xmlns=\"http:\/\/www.w3.org\/2000\/svg\" aria-hidden=\"true\" focusable=\"false\"><path d=\"M12 2C6.5 2 2 6.5 2 12c0 5 3.7 9.1 8.4 9.9v-7H7.9V12h2.5V9.8c0-2.5 1.5-3.9 3.8-3.9 1.1 0 2.2.2 2.2.2v2.5h-1.3c-1.2 0-1.6.8-1.6 1.6V12h2.8l-.4 2.9h-2.3v7C18.3 21.1 22 17 22 12c0-5.5-4.5-10-10-10z\"><\/path><\/svg><span class=\"wp-block-social-link-label screen-reader-text\">Facebook<\/span><\/a><\/li>\n\n<li style=\"color:#ffffff;background-color:#000000;\" class=\"wp-social-link wp-social-link-mail has-white-color wp-block-social-link\"><a rel=\"noopener nofollow\" target=\"_blank\" href=\"mailto:&#110;&#101;&#108;&#101;&#109;us&#105;que&#064;gm&#097;i&#108;&#046;&#099;om\" class=\"wp-block-social-link-anchor\"><svg width=\"24\" height=\"24\" viewbox=\"0 0 24 24\" version=\"1.1\" xmlns=\"http:\/\/www.w3.org\/2000\/svg\" aria-hidden=\"true\" focusable=\"false\"><path d=\"M19,5H5c-1.1,0-2,.9-2,2v10c0,1.1.9,2,2,2h14c1.1,0,2-.9,2-2V7c0-1.1-.9-2-2-2zm.5,12c0,.3-.2.5-.5.5H5c-.3,0-.5-.2-.5-.5V9.8l7.5,5.6,7.5-5.6V17zm0-9.1L12,13.6,4.5,7.9V7c0-.3.2-.5.5-.5h14c.3,0,.5.2.5.5v.9z\"><\/path><\/svg><span class=\"wp-block-social-link-label screen-reader-text\">Mail<\/span><\/a><\/li>\n\n<li style=\"color:#ffffff;background-color:#000000;\" class=\"wp-social-link wp-social-link-tiktok has-white-color wp-block-social-link\"><a rel=\"noopener nofollow\" target=\"_blank\" href=\"https:\/\/tiktok.com\/@nelelyly\" class=\"wp-block-social-link-anchor\"><svg width=\"24\" height=\"24\" viewbox=\"0 0 32 32\" version=\"1.1\" xmlns=\"http:\/\/www.w3.org\/2000\/svg\" aria-hidden=\"true\" focusable=\"false\"><path d=\"M16.708 0.027c1.745-0.027 3.48-0.011 5.213-0.027 0.105 2.041 0.839 4.12 2.333 5.563 1.491 1.479 3.6 2.156 5.652 2.385v5.369c-1.923-0.063-3.855-0.463-5.6-1.291-0.76-0.344-1.468-0.787-2.161-1.24-0.009 3.896 0.016 7.787-0.025 11.667-0.104 1.864-0.719 3.719-1.803 5.255-1.744 2.557-4.771 4.224-7.88 4.276-1.907 0.109-3.812-0.411-5.437-1.369-2.693-1.588-4.588-4.495-4.864-7.615-0.032-0.667-0.043-1.333-0.016-1.984 0.24-2.537 1.495-4.964 3.443-6.615 2.208-1.923 5.301-2.839 8.197-2.297 0.027 1.975-0.052 3.948-0.052 5.923-1.323-0.428-2.869-0.308-4.025 0.495-0.844 0.547-1.485 1.385-1.819 2.333-0.276 0.676-0.197 1.427-0.181 2.145 0.317 2.188 2.421 4.027 4.667 3.828 1.489-0.016 2.916-0.88 3.692-2.145 0.251-0.443 0.532-0.896 0.547-1.417 0.131-2.385 0.079-4.76 0.095-7.145 0.011-5.375-0.016-10.735 0.025-16.093z\" \/><\/svg><span class=\"wp-block-social-link-label screen-reader-text\">TikTok<\/span><\/a><\/li>\n\n<li style=\"color:#ffffff;background-color:#000000;\" class=\"wp-social-link wp-social-link-youtube has-white-color wp-block-social-link\"><a rel=\"noopener nofollow\" target=\"_blank\" href=\"https:\/\/youtube.com\/playlist?list=PL0uXesTbqT8BPIlrgbGDA-wiOCwbtAe3T\" class=\"wp-block-social-link-anchor\"><svg width=\"24\" height=\"24\" viewbox=\"0 0 24 24\" version=\"1.1\" xmlns=\"http:\/\/www.w3.org\/2000\/svg\" aria-hidden=\"true\" focusable=\"false\"><path d=\"M21.8,8.001c0,0-0.195-1.378-0.795-1.985c-0.76-0.797-1.613-0.801-2.004-0.847c-2.799-0.202-6.997-0.202-6.997-0.202 h-0.009c0,0-4.198,0-6.997,0.202C4.608,5.216,3.756,5.22,2.995,6.016C2.395,6.623,2.2,8.001,2.2,8.001S2,9.62,2,11.238v1.517 c0,1.618,0.2,3.237,0.2,3.237s0.195,1.378,0.795,1.985c0.761,0.797,1.76,0.771,2.205,0.855c1.6,0.153,6.8,0.201,6.8,0.201 s4.203-0.006,7.001-0.209c0.391-0.047,1.243-0.051,2.004-0.847c0.6-0.607,0.795-1.985,0.795-1.985s0.2-1.618,0.2-3.237v-1.517 C22,9.62,21.8,8.001,21.8,8.001z M9.935,14.594l-0.001-5.62l5.404,2.82L9.935,14.594z\"><\/path><\/svg><span class=\"wp-block-social-link-label screen-reader-text\">YouTube<\/span><\/a><\/li><\/ul>","protected":false},"excerpt":{"rendered":"<p>\u00c9coute le dernier morceau Reste en contact pour recevoir des offres exclusives, dates de concert, et invitations. Covers Derni\u00e8res Nouvelles Restons connect\u00e9<\/p>","protected":false},"author":1,"featured_media":8,"parent":0,"menu_order":0,"comment_status":"closed","ping_status":"closed","template":"page-templates\/full-width-builder-bb.php","meta":{"footnotes":""},"class_list":["post-11","page","type-page","status-publish","has-post-thumbnail","hentry"],"_links":{"self":[{"href":"https:\/\/nelemusique.com\/en\/wp-json\/wp\/v2\/pages\/11","targetHints":{"allow":["GET"]}}],"collection":[{"href":"https:\/\/nelemusique.com\/en\/wp-json\/wp\/v2\/pages"}],"about":[{"href":"https:\/\/nelemusique.com\/en\/wp-json\/wp\/v2\/types\/page"}],"author":[{"embeddable":true,"href":"https:\/\/nelemusique.com\/en\/wp-json\/wp\/v2\/users\/1"}],"replies":[{"embeddable":true,"href":"https:\/\/nelemusique.com\/en\/wp-json\/wp\/v2\/comments?post=11"}],"version-history":[{"count":78,"href":"https:\/\/nelemusique.com\/en\/wp-json\/wp\/v2\/pages\/11\/revisions"}],"predecessor-version":[{"id":204,"href":"https:\/\/nelemusique.com\/en\/wp-json\/wp\/v2\/pages\/11\/revisions\/204"}],"wp:featuredmedia":[{"embeddable":true,"href":"https:\/\/nelemusique.com\/en\/wp-json\/wp\/v2\/media\/8"}],"wp:attachment":[{"href":"https:\/\/nelemusique.com\/en\/wp-json\/wp\/v2\/media?parent=11"}],"curies":[{"name":"wp","href":"https:\/\/api.w.org\/{rel}","templated":true}]}}